{"id":724,"date":"2024-09-07T18:44:18","date_gmt":"2024-09-07T16:44:18","guid":{"rendered":"https:\/\/studinano.com\/portfolio\/?page_id=724"},"modified":"2024-09-07T18:57:50","modified_gmt":"2024-09-07T16:57:50","slug":"contacts","status":"publish","type":"page","link":"https:\/\/studinano.com\/portfolio\/contacts\/","title":{"rendered":"Contacts"},"content":{"rendered":"\n<p class=\"has-medium-font-size\">Si vous avez des questions, des suggestions, des conseils, des demandes ou des pr\u00e9occupations, n\u2019h\u00e9sitez pas \u00e0 nous contacter en utilisant le formulaire ci-dessous.<\/p>\n\n\n<div class=\"wp-block-jetpack-contact-form is-layout-flex wp-container-jetpack-contact-form-is-layout-b7ed9015 wp-block-jetpack-contact-form-is-layout-flex\"><a href=\"https:\/\/studinano.com\/portfolio\/contacts\/\" target=\"_blank\" rel=\"noopener noreferrer\">Soumettre un formulaire.<\/a><\/div>","protected":false},"excerpt":{"rendered":"<p>Si vous avez des questions, des suggestions, des conseils, des demandes ou des pr\u00e9occupations, n\u2019h\u00e9sitez pas \u00e0 nous contacter en utilisant le formulaire ci-dessous.<\/p>\n","protected":false},"author":1,"featured_media":727,"parent":0,"menu_order":0,"comment_status":"closed","ping_status":"closed","template":"","meta":{"footnotes":""},"class_list":["post-724","page","type-page","status-publish","has-post-thumbnail","hentry"],"yoast_head":"<!-- This site is optimized with the Yoast SEO plugin v27.2 - https:\/\/yoast.com\/product\/yoast-seo-wordpress\/ -->\n<title>Contacts - Studinano - Portfolio de Shou&#039;<\/title>\n<meta name=\"robots\" content=\"index, follow, max-snippet:-1, max-image-preview:large, max-video-preview:-1\" \/>\n<link rel=\"canonical\" href=\"https:\/\/studinano.com\/portfolio\/contacts\/\" \/>\n<meta property=\"og:locale\" content=\"fr_FR\" \/>\n<meta property=\"og:type\" content=\"article\" \/>\n<meta property=\"og:title\" content=\"Contacts - Studinano - Portfolio de Shou&#039;\" \/>\n<meta property=\"og:description\" content=\"Si vous avez des questions, des suggestions, des conseils, des demandes ou des pr\u00e9occupations, n\u2019h\u00e9sitez pas \u00e0 nous contacter en utilisant le formulaire ci-dessous.\" \/>\n<meta property=\"og:url\" content=\"https:\/\/studinano.com\/portfolio\/contacts\/\" \/>\n<meta property=\"og:site_name\" content=\"Studinano - Portfolio de Shou&#039;\" \/>\n<meta property=\"article:publisher\" content=\"https:\/\/www.facebook.com\/ByShou\" \/>\n<meta property=\"article:modified_time\" content=\"2024-09-07T16:57:50+00:00\" \/>\n<meta property=\"og:image\" content=\"https:\/\/studinano.com\/portfolio\/wp-content\/uploads\/2024\/09\/Brown-Seashell-Minimal-Contact-Us-Instagram-Story-Banniere-hors-ligne-Twitch-1.jpg\" \/>\n\t<meta property=\"og:image:width\" content=\"1920\" \/>\n\t<meta property=\"og:image:height\" content=\"1080\" \/>\n\t<meta property=\"og:image:type\" content=\"image\/jpeg\" \/>\n<meta name=\"twitter:card\" content=\"summary_large_image\" \/>\n<meta name=\"twitter:site\" content=\"@Studinano\" \/>\n<meta name=\"twitter:label1\" content=\"Dur\u00e9e de lecture estim\u00e9e\" \/>\n\t<meta name=\"twitter:data1\" content=\"1 minute\" \/>\n<script type=\"application\/ld+json\" class=\"yoast-schema-graph\">{\"@context\":\"https:\/\/schema.org\",\"@graph\":[{\"@type\":\"WebPage\",\"@id\":\"https:\/\/studinano.com\/portfolio\/contacts\/\",\"url\":\"https:\/\/studinano.com\/portfolio\/contacts\/\",\"name\":\"Contacts - Studinano - Portfolio de Shou&#039;\",\"isPartOf\":{\"@id\":\"https:\/\/studinano.com\/portfolio\/#website\"},\"primaryImageOfPage\":{\"@id\":\"https:\/\/studinano.com\/portfolio\/contacts\/#primaryimage\"},\"image\":{\"@id\":\"https:\/\/studinano.com\/portfolio\/contacts\/#primaryimage\"},\"thumbnailUrl\":\"https:\/\/studinano.com\/portfolio\/wp-content\/uploads\/2024\/09\/Brown-Seashell-Minimal-Contact-Us-Instagram-Story-Banniere-hors-ligne-Twitch-1.jpg\",\"datePublished\":\"2024-09-07T16:44:18+00:00\",\"dateModified\":\"2024-09-07T16:57:50+00:00\",\"breadcrumb\":{\"@id\":\"https:\/\/studinano.com\/portfolio\/contacts\/#breadcrumb\"},\"inLanguage\":\"fr-FR\",\"potentialAction\":[{\"@type\":\"ReadAction\",\"target\":[\"https:\/\/studinano.com\/portfolio\/contacts\/\"]}]},{\"@type\":\"ImageObject\",\"inLanguage\":\"fr-FR\",\"@id\":\"https:\/\/studinano.com\/portfolio\/contacts\/#primaryimage\",\"url\":\"https:\/\/studinano.com\/portfolio\/wp-content\/uploads\/2024\/09\/Brown-Seashell-Minimal-Contact-Us-Instagram-Story-Banniere-hors-ligne-Twitch-1.jpg\",\"contentUrl\":\"https:\/\/studinano.com\/portfolio\/wp-content\/uploads\/2024\/09\/Brown-Seashell-Minimal-Contact-Us-Instagram-Story-Banniere-hors-ligne-Twitch-1.jpg\",\"width\":1920,\"height\":1080},{\"@type\":\"BreadcrumbList\",\"@id\":\"https:\/\/studinano.com\/portfolio\/contacts\/#breadcrumb\",\"itemListElement\":[{\"@type\":\"ListItem\",\"position\":1,\"name\":\"Accueil\",\"item\":\"https:\/\/studinano.com\/portfolio\/\"},{\"@type\":\"ListItem\",\"position\":2,\"name\":\"Contacts\"}]},{\"@type\":\"WebSite\",\"@id\":\"https:\/\/studinano.com\/portfolio\/#website\",\"url\":\"https:\/\/studinano.com\/portfolio\/\",\"name\":\"Studinano - Portfolio de Shou'\",\"description\":\"\",\"publisher\":{\"@id\":\"https:\/\/studinano.com\/portfolio\/#organization\"},\"potentialAction\":[{\"@type\":\"SearchAction\",\"target\":{\"@type\":\"EntryPoint\",\"urlTemplate\":\"https:\/\/studinano.com\/portfolio\/?s={search_term_string}\"},\"query-input\":{\"@type\":\"PropertyValueSpecification\",\"valueRequired\":true,\"valueName\":\"search_term_string\"}}],\"inLanguage\":\"fr-FR\"},{\"@type\":\"Organization\",\"@id\":\"https:\/\/studinano.com\/portfolio\/#organization\",\"name\":\"Studinano\",\"url\":\"https:\/\/studinano.com\/portfolio\/\",\"logo\":{\"@type\":\"ImageObject\",\"inLanguage\":\"fr-FR\",\"@id\":\"https:\/\/studinano.com\/portfolio\/#\/schema\/logo\/image\/\",\"url\":\"https:\/\/studinano.com\/portfolio\/wp-content\/uploads\/2024\/08\/logo-studinano-coccinelle-pieuvre-steampunk.png\",\"contentUrl\":\"https:\/\/studinano.com\/portfolio\/wp-content\/uploads\/2024\/08\/logo-studinano-coccinelle-pieuvre-steampunk.png\",\"width\":1024,\"height\":1024,\"caption\":\"Studinano\"},\"image\":{\"@id\":\"https:\/\/studinano.com\/portfolio\/#\/schema\/logo\/image\/\"},\"sameAs\":[\"https:\/\/www.facebook.com\/ByShou\",\"https:\/\/x.com\/Studinano\",\"https:\/\/www.instagram.com\/studinanoshou\",\"https:\/\/www.tiktok.com\/@studidinano\",\"https:\/\/www.threads.net\/@studinano.art\"]}]}<\/script>\n<!-- \/ Yoast SEO plugin. -->","yoast_head_json":{"title":"Contacts - Studinano - Portfolio de Shou&#039;","robots":{"index":"index","follow":"follow","max-snippet":"max-snippet:-1","max-image-preview":"max-image-preview:large","max-video-preview":"max-video-preview:-1"},"canonical":"https:\/\/studinano.com\/portfolio\/contacts\/","og_locale":"fr_FR","og_type":"article","og_title":"Contacts - Studinano - Portfolio de Shou&#039;","og_description":"Si vous avez des questions, des suggestions, des conseils, des demandes ou des pr\u00e9occupations, n\u2019h\u00e9sitez pas \u00e0 nous contacter en utilisant le formulaire ci-dessous.","og_url":"https:\/\/studinano.com\/portfolio\/contacts\/","og_site_name":"Studinano - Portfolio de Shou&#039;","article_publisher":"https:\/\/www.facebook.com\/ByShou","article_modified_time":"2024-09-07T16:57:50+00:00","og_image":[{"width":1920,"height":1080,"url":"https:\/\/studinano.com\/portfolio\/wp-content\/uploads\/2024\/09\/Brown-Seashell-Minimal-Contact-Us-Instagram-Story-Banniere-hors-ligne-Twitch-1.jpg","type":"image\/jpeg"}],"twitter_card":"summary_large_image","twitter_site":"@Studinano","twitter_misc":{"Dur\u00e9e de lecture estim\u00e9e":"1 minute"},"schema":{"@context":"https:\/\/schema.org","@graph":[{"@type":"WebPage","@id":"https:\/\/studinano.com\/portfolio\/contacts\/","url":"https:\/\/studinano.com\/portfolio\/contacts\/","name":"Contacts - Studinano - Portfolio de Shou&#039;","isPartOf":{"@id":"https:\/\/studinano.com\/portfolio\/#website"},"primaryImageOfPage":{"@id":"https:\/\/studinano.com\/portfolio\/contacts\/#primaryimage"},"image":{"@id":"https:\/\/studinano.com\/portfolio\/contacts\/#primaryimage"},"thumbnailUrl":"https:\/\/studinano.com\/portfolio\/wp-content\/uploads\/2024\/09\/Brown-Seashell-Minimal-Contact-Us-Instagram-Story-Banniere-hors-ligne-Twitch-1.jpg","datePublished":"2024-09-07T16:44:18+00:00","dateModified":"2024-09-07T16:57:50+00:00","breadcrumb":{"@id":"https:\/\/studinano.com\/portfolio\/contacts\/#breadcrumb"},"inLanguage":"fr-FR","potentialAction":[{"@type":"ReadAction","target":["https:\/\/studinano.com\/portfolio\/contacts\/"]}]},{"@type":"ImageObject","inLanguage":"fr-FR","@id":"https:\/\/studinano.com\/portfolio\/contacts\/#primaryimage","url":"https:\/\/studinano.com\/portfolio\/wp-content\/uploads\/2024\/09\/Brown-Seashell-Minimal-Contact-Us-Instagram-Story-Banniere-hors-ligne-Twitch-1.jpg","contentUrl":"https:\/\/studinano.com\/portfolio\/wp-content\/uploads\/2024\/09\/Brown-Seashell-Minimal-Contact-Us-Instagram-Story-Banniere-hors-ligne-Twitch-1.jpg","width":1920,"height":1080},{"@type":"BreadcrumbList","@id":"https:\/\/studinano.com\/portfolio\/contacts\/#breadcrumb","itemListElement":[{"@type":"ListItem","position":1,"name":"Accueil","item":"https:\/\/studinano.com\/portfolio\/"},{"@type":"ListItem","position":2,"name":"Contacts"}]},{"@type":"WebSite","@id":"https:\/\/studinano.com\/portfolio\/#website","url":"https:\/\/studinano.com\/portfolio\/","name":"Studinano - Portfolio de Shou'","description":"","publisher":{"@id":"https:\/\/studinano.com\/portfolio\/#organization"},"potentialAction":[{"@type":"SearchAction","target":{"@type":"EntryPoint","urlTemplate":"https:\/\/studinano.com\/portfolio\/?s={search_term_string}"},"query-input":{"@type":"PropertyValueSpecification","valueRequired":true,"valueName":"search_term_string"}}],"inLanguage":"fr-FR"},{"@type":"Organization","@id":"https:\/\/studinano.com\/portfolio\/#organization","name":"Studinano","url":"https:\/\/studinano.com\/portfolio\/","logo":{"@type":"ImageObject","inLanguage":"fr-FR","@id":"https:\/\/studinano.com\/portfolio\/#\/schema\/logo\/image\/","url":"https:\/\/studinano.com\/portfolio\/wp-content\/uploads\/2024\/08\/logo-studinano-coccinelle-pieuvre-steampunk.png","contentUrl":"https:\/\/studinano.com\/portfolio\/wp-content\/uploads\/2024\/08\/logo-studinano-coccinelle-pieuvre-steampunk.png","width":1024,"height":1024,"caption":"Studinano"},"image":{"@id":"https:\/\/studinano.com\/portfolio\/#\/schema\/logo\/image\/"},"sameAs":["https:\/\/www.facebook.com\/ByShou","https:\/\/x.com\/Studinano","https:\/\/www.instagram.com\/studinanoshou","https:\/\/www.tiktok.com\/@studidinano","https:\/\/www.threads.net\/@studinano.art"]}]}},"jetpack-related-posts":[{"id":763,"url":"https:\/\/studinano.com\/portfolio\/","url_meta":{"origin":724,"position":0},"title":"Le site www.studinano.com est actuellement\u2026","author":"studinano","date":"16 novembre 2024","format":false,"excerpt":"Le site www.studinano.com est actuellement en travaux. Nous vous remercions de ne pas pr\u00eater trop attention aux d\u00e9fauts et autres bugs d'affichages.En cas de probl\u00e8me, question, suggestion ou demande quelconque, vous pouvez nous contacter. N'h\u00e9sitez pas !Merci de votre compr\u00e9hension et bonne visite. Bienvenue sur le portfolio de Shou' !\u2026","rel":"","context":"Article similaire","block_context":{"text":"Article similaire","link":""},"img":{"alt_text":"","src":"https:\/\/i0.wp.com\/studinano.com\/portfolio\/wp-content\/uploads\/2024\/08\/art-floral.png?resize=350%2C200&ssl=1","width":350,"height":200},"classes":[]},{"id":453,"url":"https:\/\/studinano.com\/portfolio\/qui-est-shou\/","url_meta":{"origin":724,"position":1},"title":"Qui est Shou&rsquo; ?","author":"studinano","date":"21 ao\u00fbt 2024","format":false,"excerpt":"Illustratrice conteuse Shou' est mon pseudonyme d'artiste depuis longtemps. Initialement, il s'agissait de Shousetsu (roman en japonais) mais seul le diminutif est rest\u00e9. D'o\u00f9 la fameuse apostrophe sur laquelle on m'interroge souvent ! D\u00e9couvrir qui se cache derri\u00e8re Shou' Geek passionn\u00e9e par les manga et la technologie, r\u00eaveuse inv\u00e9t\u00e9r\u00e9e qui\u2026","rel":"","context":"Article similaire","block_context":{"text":"Article similaire","link":""},"img":{"alt_text":"","src":"https:\/\/i0.wp.com\/studinano.com\/portfolio\/wp-content\/uploads\/2024\/08\/art-floral-1.png?resize=350%2C200&ssl=1","width":350,"height":200},"classes":[]},{"id":590,"url":"https:\/\/studinano.com\/portfolio\/lady-bug\/","url_meta":{"origin":724,"position":2},"title":"Lady Bug","author":"studinano","date":"31 ao\u00fbt 2024","format":false,"excerpt":"Capitaine du Studinano Nom : Lady BugTitre : Capitaine du StudinanoActivit\u00e9 : Voyageuse spatio-temporelle, collectrice et conteuse d'histoires, r\u00eaveuse inv\u00e9t\u00e9r\u00e9e venue de l'ImaginaireOrigine : Hauts-de-France, r\u00e9gion au riche patrimoine industriel Personnalit\u00e9 et mission :Lady Bug est bien plus qu'un simple capitaine. Elle est une gardienne du temps et du patrimoine,\u2026","rel":"","context":"Article similaire","block_context":{"text":"Article similaire","link":""},"img":{"alt_text":"","src":"https:\/\/i0.wp.com\/studinano.com\/portfolio\/wp-content\/uploads\/2024\/11\/IMG_20231020_095649_536-1.jpg?resize=350%2C200&ssl=1","width":350,"height":200,"srcset":"https:\/\/i0.wp.com\/studinano.com\/portfolio\/wp-content\/uploads\/2024\/11\/IMG_20231020_095649_536-1.jpg?resize=350%2C200&ssl=1 1x, https:\/\/i0.wp.com\/studinano.com\/portfolio\/wp-content\/uploads\/2024\/11\/IMG_20231020_095649_536-1.jpg?resize=525%2C300&ssl=1 1.5x, https:\/\/i0.wp.com\/studinano.com\/portfolio\/wp-content\/uploads\/2024\/11\/IMG_20231020_095649_536-1.jpg?resize=700%2C400&ssl=1 2x"},"classes":[]},{"id":187,"url":"https:\/\/studinano.com\/portfolio\/caroline-soreau\/","url_meta":{"origin":724,"position":3},"title":"A propos","author":"studinano","date":"19 ao\u00fbt 2024","format":false,"excerpt":"Pr\u00e9sentation Je m'appelle Caroline Soreau. Je me cache derri\u00e8re chaque cr\u00e9ation de Studinano, en tant qu'artiste, \u00e0 la fois illustratrice, conteuse mais aussi chercheuse. Mon travail de recherche explore les imaginaires (science-fiction, fantasy, fantastique...) et leurs limites, cherchant constamment \u00e0 repousser les fronti\u00e8res de notre compr\u00e9hension et des possibles. \u00c0\u2026","rel":"","context":"Article similaire","block_context":{"text":"Article similaire","link":""},"img":{"alt_text":"","src":"https:\/\/i0.wp.com\/studinano.com\/portfolio\/wp-content\/uploads\/2024\/08\/les-mechants-heros-entre-ordre-et-desordre-caroline-soreau-studinano-150x150.jpg?resize=350%2C200&ssl=1","width":350,"height":200,"srcset":"https:\/\/i0.wp.com\/studinano.com\/portfolio\/wp-content\/uploads\/2024\/08\/les-mechants-heros-entre-ordre-et-desordre-caroline-soreau-studinano-150x150.jpg?resize=350%2C200&ssl=1 1x, https:\/\/i0.wp.com\/studinano.com\/portfolio\/wp-content\/uploads\/2024\/08\/les-mechants-heros-entre-ordre-et-desordre-caroline-soreau-studinano-150x150.jpg?resize=525%2C300&ssl=1 1.5x, https:\/\/i0.wp.com\/studinano.com\/portfolio\/wp-content\/uploads\/2024\/08\/les-mechants-heros-entre-ordre-et-desordre-caroline-soreau-studinano-150x150.jpg?resize=700%2C400&ssl=1 2x, https:\/\/i0.wp.com\/studinano.com\/portfolio\/wp-content\/uploads\/2024\/08\/les-mechants-heros-entre-ordre-et-desordre-caroline-soreau-studinano-150x150.jpg?resize=1050%2C600&ssl=1 3x"},"classes":[]}],"jetpack_sharing_enabled":true,"_links":{"self":[{"href":"https:\/\/studinano.com\/portfolio\/wp-json\/wp\/v2\/pages\/724","targetHints":{"allow":["GET"]}}],"collection":[{"href":"https:\/\/studinano.com\/portfolio\/wp-json\/wp\/v2\/pages"}],"about":[{"href":"https:\/\/studinano.com\/portfolio\/wp-json\/wp\/v2\/types\/page"}],"author":[{"embeddable":true,"href":"https:\/\/studinano.com\/portfolio\/wp-json\/wp\/v2\/users\/1"}],"replies":[{"embeddable":true,"href":"https:\/\/studinano.com\/portfolio\/wp-json\/wp\/v2\/comments?post=724"}],"version-history":[{"count":2,"href":"https:\/\/studinano.com\/portfolio\/wp-json\/wp\/v2\/pages\/724\/revisions"}],"predecessor-version":[{"id":728,"href":"https:\/\/studinano.com\/portfolio\/wp-json\/wp\/v2\/pages\/724\/revisions\/728"}],"wp:featuredmedia":[{"embeddable":true,"href":"https:\/\/studinano.com\/portfolio\/wp-json\/wp\/v2\/media\/727"}],"wp:attachment":[{"href":"https:\/\/studinano.com\/portfolio\/wp-json\/wp\/v2\/media?parent=724"}],"curies":[{"name":"wp","href":"https:\/\/api.w.org\/{rel}","templated":true}]}}